{"id":13,"date":"2023-02-17T23:52:03","date_gmt":"2023-02-18T02:52:03","guid":{"rendered":"https:\/\/34.168.126.124\/?page_id=13"},"modified":"2023-04-11T10:33:12","modified_gmt":"2023-04-11T13:33:12","slug":"why-we-are-different-and-make-a-difference","status":"publish","type":"page","link":"https:\/\/dmadvocacypr.com\/br\/homepage\/why-we-are-different-and-make-a-difference\/","title":{"rendered":"por que somos diferentes (e fazemos a diferen\u00e7a)"},"content":{"rendered":"<p>oferecemos conselhos surpreendentes e <span style=\"color: #ed3248;\">planos arrojados que integram comunica\u00e7\u00e3o e advocacy<\/span> para sensibilizar stakeholders sem desproteger marca e reputa\u00e7\u00e3o<\/p>\n<p>utilizamos a <span style=\"color: #ed3248;\">inovadora metodologia Curve Ball\u2122<\/span>: ao lidar com quest\u00f5es delicadas na esfera p\u00fablica, o caminho mais curto entre dois pontos nunca \u00e9 uma linha reta<\/p>\n<p>tratamos com excepcional cuidado as informa\u00e7\u00f5es sens\u00edveis que nos s\u00e3o confiadas: planos, problemas e metas do cliente <span style=\"color: #ed3248;\">s\u00f3 s\u00e3o compartilhados com o s\u00f3cio-diretor<\/span><\/p>\n<p>precificamos nossos servi\u00e7os em total alinhamento com os interesses do cliente, com uma <span style=\"color: #ed3248;\">estrutura de honor\u00e1rios \u00fanica<\/span> que combina fees de performance e resultado<\/p>\n<p>atuamos com a mais alta integridade, <span style=\"color: #ed3248;\">n\u00e3o trabalhamos para governos<\/span> e partidos pol\u00edticos e adaptamos nossa atua\u00e7\u00e3o \u00e0s opera\u00e7\u00f5es, processos e parceiros do cliente<\/p>\n","protected":false},"excerpt":{"rendered":"<p>oferecemos conselhos surpreendentes e planos arrojados que integram comunica\u00e7\u00e3o e advocacy para sensibilizar stakeholders sem desproteger marca e reputa\u00e7\u00e3o utilizamos a inovadora metodologia Curve Ball\u2122: ao lidar com quest\u00f5es delicadas na esfera p\u00fablica, o caminho mais curto entre dois pontos nunca \u00e9 uma linha reta tratamos com excepcional cuidado as informa\u00e7\u00f5es sens\u00edveis que nos s\u00e3o [&hellip;]<\/p>\n","protected":false},"author":2,"featured_media":0,"parent":2,"menu_order":20,"comment_status":"closed","ping_status":"closed","template":"","meta":[],"translation":{"provider":"WPGlobus","version":"3.0.2","language":"br","enabled_languages":["en","br"],"languages":{"en":{"title":true,"content":true,"excerpt":false},"br":{"title":true,"content":true,"excerpt":false}}},"_links":{"self":[{"href":"https:\/\/dmadvocacypr.com\/br\/wp-json\/wp\/v2\/pages\/13"}],"collection":[{"href":"https:\/\/dmadvocacypr.com\/br\/wp-json\/wp\/v2\/pages"}],"about":[{"href":"https:\/\/dmadvocacypr.com\/br\/wp-json\/wp\/v2\/types\/page"}],"author":[{"embeddable":true,"href":"https:\/\/dmadvocacypr.com\/br\/wp-json\/wp\/v2\/users\/2"}],"replies":[{"embeddable":true,"href":"https:\/\/dmadvocacypr.com\/br\/wp-json\/wp\/v2\/comments?post=13"}],"version-history":[{"count":3,"href":"https:\/\/dmadvocacypr.com\/br\/wp-json\/wp\/v2\/pages\/13\/revisions"}],"predecessor-version":[{"id":338,"href":"https:\/\/dmadvocacypr.com\/br\/wp-json\/wp\/v2\/pages\/13\/revisions\/338"}],"up":[{"embeddable":true,"href":"https:\/\/dmadvocacypr.com\/br\/wp-json\/wp\/v2\/pages\/2"}],"wp:attachment":[{"href":"https:\/\/dmadvocacypr.com\/br\/wp-json\/wp\/v2\/media?parent=13"}],"curies":[{"name":"wp","href":"https:\/\/api.w.org\/{rel}","templated":true}]}}