{"id":35,"date":"2023-03-01T22:45:13","date_gmt":"2023-03-02T01:45:13","guid":{"rendered":"https:\/\/34.168.126.124\/?page_id=35"},"modified":"2023-04-11T10:12:45","modified_gmt":"2023-04-11T13:12:45","slug":"services","status":"publish","type":"page","link":"https:\/\/dmadvocacypr.com\/br\/homepage\/services\/","title":{"rendered":"Servi\u00e7os"},"content":{"rendered":"<h4>campanha de impacto<\/h4>\n<p>integramos comunica\u00e7\u00e3o e advocacy em planos de storytelling afiados o suficiente para redefinir a agenda p\u00fablica<\/p>\n<h4>gerenciamento de crises<\/h4>\n<p>oferecemos s\u00f3lido aconselhamento em situa\u00e7\u00f5es que possam afetar a organiza\u00e7\u00e3o (neg\u00f3cios, marca e\/ou l\u00edderes)<\/p>\n<h4>mapeamento diagn\u00f3stico<\/h4>\n<p>identificamos riscos e oportunidades e recomendamos o melhor curso de a\u00e7\u00e3o para influenciar nos resultados<\/p>\n<h4>orienta\u00e7\u00e3o estrat\u00e9gica<\/h4>\n<p>ouvimos atentamente as suas ideias e fazemos as perguntas certas para entregar sugest\u00f5es agudas e eficazes<\/p>\n","protected":false},"excerpt":{"rendered":"<p>campanha de impacto integramos comunica\u00e7\u00e3o e advocacy em planos de storytelling afiados o suficiente para redefinir a agenda p\u00fablica gerenciamento de crises oferecemos s\u00f3lido aconselhamento em situa\u00e7\u00f5es que possam afetar a organiza\u00e7\u00e3o (neg\u00f3cios, marca e\/ou l\u00edderes) mapeamento diagn\u00f3stico identificamos riscos e oportunidades e recomendamos o melhor curso de a\u00e7\u00e3o para influenciar nos resultados orienta\u00e7\u00e3o estrat\u00e9gica [&hellip;]<\/p>\n","protected":false},"author":2,"featured_media":0,"parent":2,"menu_order":40,"comment_status":"closed","ping_status":"closed","template":"","meta":[],"translation":{"provider":"WPGlobus","version":"3.0.2","language":"br","enabled_languages":["en","br"],"languages":{"en":{"title":true,"content":true,"excerpt":false},"br":{"title":true,"content":true,"excerpt":false}}},"_links":{"self":[{"href":"https:\/\/dmadvocacypr.com\/br\/wp-json\/wp\/v2\/pages\/35"}],"collection":[{"href":"https:\/\/dmadvocacypr.com\/br\/wp-json\/wp\/v2\/pages"}],"about":[{"href":"https:\/\/dmadvocacypr.com\/br\/wp-json\/wp\/v2\/types\/page"}],"author":[{"embeddable":true,"href":"https:\/\/dmadvocacypr.com\/br\/wp-json\/wp\/v2\/users\/2"}],"replies":[{"embeddable":true,"href":"https:\/\/dmadvocacypr.com\/br\/wp-json\/wp\/v2\/comments?post=35"}],"version-history":[{"count":3,"href":"https:\/\/dmadvocacypr.com\/br\/wp-json\/wp\/v2\/pages\/35\/revisions"}],"predecessor-version":[{"id":359,"href":"https:\/\/dmadvocacypr.com\/br\/wp-json\/wp\/v2\/pages\/35\/revisions\/359"}],"up":[{"embeddable":true,"href":"https:\/\/dmadvocacypr.com\/br\/wp-json\/wp\/v2\/pages\/2"}],"wp:attachment":[{"href":"https:\/\/dmadvocacypr.com\/br\/wp-json\/wp\/v2\/media?parent=35"}],"curies":[{"name":"wp","href":"https:\/\/api.w.org\/{rel}","templated":true}]}}